{"id":1015,"date":"2023-08-08T22:00:56","date_gmt":"2023-08-08T20:00:56","guid":{"rendered":"https:\/\/corrievannieuwkerk.nl\/?page_id=1015"},"modified":"2023-08-24T15:18:04","modified_gmt":"2023-08-24T13:18:04","slug":"die-boom","status":"publish","type":"page","link":"https:\/\/corrievannieuwkerk.nl\/?page_id=1015","title":{"rendered":"Die boom&#8230;"},"content":{"rendered":"\n<div class=\"wp-block-columns is-layout-flex wp-container-core-columns-is-layout-28f84493 wp-block-columns-is-layout-flex\">\n<div class=\"wp-block-column is-layout-flow wp-block-column-is-layout-flow\" style=\"flex-basis:100%\">\n<p style=\"margin-top:0;margin-right:0;margin-bottom:0;margin-left:0;padding-right:var(--wp--preset--spacing--80);padding-left:var(--wp--preset--spacing--80);font-size:15px\">De boom op mijn website is niet voor niets gekozen.<br><br>Ik herinner mij een kinderliedje uit mijn jeugd. Een liedje dat gaat over een boom die stevig in de aarde geworteld staat en \u2018schoon\u2019 bloeide. Met een tak, een twijg, een blad, een luis op dat blad en telkens weer terug naar \u2018en de boom stond in de aarde en bloeide schoon\u2026\u2019.<br><br>Diezelfde boom staat symbool voor wat ik wil zijn: stevig verankerd, wortels in de grond, omhoog gericht naar de lucht, met takken en bladeren. Als een bron van kennis, een symbool voor groei, toekomst, maar ook voor schuilen, spelen en rusten.<br><br>Die boom staat ook voor loslaten, kijken naar mijzelf als een boom die haar bladeren heeft los kunnen laten en daarna weer volop in de knop zit. Want zo voelt het. Barstensvol leven. Ik kan niet wachten om d\u00f3\u00f3r te gaan.<br><br>En tot slot staat d\u00e9ze boom ook voor de lichtheid die ik soms zoek  <img loading=\"lazy\" decoding=\"async\" width=\"35\" height=\"35\" class=\"wp-image-941\" style=\"width: 35px;\" src=\"https:\/\/corrievannieuwkerk.nl\/wp-content\/uploads\/2023\/08\/Logo-klein-wit-e1690988135833.png\" alt=\"\"><\/p>\n<\/div>\n<\/div>\n\n\n\n<div style=\"height:25px\" aria-hidden=\"true\" class=\"wp-block-spacer\"><\/div>\n","protected":false},"excerpt":{"rendered":"<p>De boom op mijn website is niet voor niets gekozen. Ik herinner mij een kinderliedje uit mijn jeugd. Een liedje dat gaat over een boom die stevig in de aarde geworteld staat en \u2018schoon\u2019 bloeide. Met een tak, een twijg, een blad, een luis op dat blad en telkens weer terug naar \u2018en de boom [&hellip;]<\/p>\n","protected":false},"author":1,"featured_media":0,"parent":0,"menu_order":0,"comment_status":"closed","ping_status":"closed","template":"","meta":{"site-sidebar-layout":"default","site-content-layout":"","ast-site-content-layout":"default","site-content-style":"default","site-sidebar-style":"default","ast-global-header-display":"","ast-banner-title-visibility":"","ast-main-header-display":"","ast-hfb-above-header-display":"","ast-hfb-below-header-display":"","ast-hfb-mobile-header-display":"","site-post-title":"","ast-breadcrumbs-content":"","ast-featured-img":"","footer-sml-layout":"","ast-disable-related-posts":"","theme-transparent-header-meta":"","adv-header-id-meta":"","stick-header-meta":"","header-above-stick-meta":"","header-main-stick-meta":"","header-below-stick-meta":"","astra-migrate-meta-layouts":"set","ast-page-background-enabled":"default","ast-page-background-meta":{"desktop":{"background-color":"","background-image":"","background-repeat":"repeat","background-position":"center center","background-size":"auto","background-attachment":"scroll","background-type":"","background-media":"","overlay-type":"","overlay-color":"","overlay-opacity":"","overlay-gradient":""},"tablet":{"background-color":"","background-image":"","background-repeat":"repeat","background-position":"center center","background-size":"auto","background-attachment":"scroll","background-type":"","background-media":"","overlay-type":"","overlay-color":"","overlay-opacity":"","overlay-gradient":""},"mobile":{"background-color":"","background-image":"","background-repeat":"repeat","background-position":"center center","background-size":"auto","background-attachment":"scroll","background-type":"","background-media":"","overlay-type":"","overlay-color":"","overlay-opacity":"","overlay-gradient":""}},"ast-content-background-meta":{"desktop":{"background-color":"var(--ast-global-color-5)","background-image":"","background-repeat":"repeat","background-position":"center center","background-size":"auto","background-attachment":"scroll","background-type":"","background-media":"","overlay-type":"","overlay-color":"","overlay-opacity":"","overlay-gradient":""},"tablet":{"background-color":"var(--ast-global-color-5)","background-image":"","background-repeat":"repeat","background-position":"center center","background-size":"auto","background-attachment":"scroll","background-type":"","background-media":"","overlay-type":"","overlay-color":"","overlay-opacity":"","overlay-gradient":""},"mobile":{"background-color":"var(--ast-global-color-5)","background-image":"","background-repeat":"repeat","background-position":"center center","background-size":"auto","background-attachment":"scroll","background-type":"","background-media":"","overlay-type":"","overlay-color":"","overlay-opacity":"","overlay-gradient":""}},"footnotes":""},"class_list":["post-1015","page","type-page","status-publish","hentry"],"_links":{"self":[{"href":"https:\/\/corrievannieuwkerk.nl\/index.php?rest_route=\/wp\/v2\/pages\/1015","targetHints":{"allow":["GET"]}}],"collection":[{"href":"https:\/\/corrievannieuwkerk.nl\/index.php?rest_route=\/wp\/v2\/pages"}],"about":[{"href":"https:\/\/corrievannieuwkerk.nl\/index.php?rest_route=\/wp\/v2\/types\/page"}],"author":[{"embeddable":true,"href":"https:\/\/corrievannieuwkerk.nl\/index.php?rest_route=\/wp\/v2\/users\/1"}],"replies":[{"embeddable":true,"href":"https:\/\/corrievannieuwkerk.nl\/index.php?rest_route=%2Fwp%2Fv2%2Fcomments&post=1015"}],"version-history":[{"count":15,"href":"https:\/\/corrievannieuwkerk.nl\/index.php?rest_route=\/wp\/v2\/pages\/1015\/revisions"}],"predecessor-version":[{"id":1291,"href":"https:\/\/corrievannieuwkerk.nl\/index.php?rest_route=\/wp\/v2\/pages\/1015\/revisions\/1291"}],"wp:attachment":[{"href":"https:\/\/corrievannieuwkerk.nl\/index.php?rest_route=%2Fwp%2Fv2%2Fmedia&parent=1015"}],"curies":[{"name":"wp","href":"https:\/\/api.w.org\/{rel}","templated":true}]}}