{"id":108,"date":"2020-07-23T20:48:45","date_gmt":"2020-07-23T18:48:45","guid":{"rendered":"https:\/\/corrievannieuwkerk.nl\/?page_id=108"},"modified":"2026-03-15T20:06:13","modified_gmt":"2026-03-15T19:06:13","slug":"trainer-teamcoach","status":"publish","type":"page","link":"https:\/\/corrievannieuwkerk.nl\/","title":{"rendered":"Trainer &#8211; (team)Coach &#8211; Rouw- en Verliesbegeleider"},"content":{"rendered":"\n<div class=\"wp-block-columns is-layout-flex wp-container-core-columns-is-layout-28f84493 wp-block-columns-is-layout-flex\">\n<div class=\"wp-block-column is-layout-flow wp-block-column-is-layout-flow\" style=\"flex-basis:100%\">\n<div class=\"wp-block-cover alignfull\" style=\"min-height:250px;aspect-ratio:unset;\"><img loading=\"lazy\" decoding=\"async\" width=\"2560\" height=\"1707\" class=\"wp-block-cover__image-background wp-image-1322\" alt=\"\" src=\"https:\/\/corrievannieuwkerk.nl\/wp-content\/uploads\/2023\/08\/hendrik-will-AP-29z0BTmA-unsplash-scaled.jpg\" style=\"object-position:79% 38%\" data-object-fit=\"cover\" data-object-position=\"79% 38%\" srcset=\"https:\/\/corrievannieuwkerk.nl\/wp-content\/uploads\/2023\/08\/hendrik-will-AP-29z0BTmA-unsplash-scaled.jpg 2560w, https:\/\/corrievannieuwkerk.nl\/wp-content\/uploads\/2023\/08\/hendrik-will-AP-29z0BTmA-unsplash-300x200.jpg 300w, https:\/\/corrievannieuwkerk.nl\/wp-content\/uploads\/2023\/08\/hendrik-will-AP-29z0BTmA-unsplash-1024x683.jpg 1024w, https:\/\/corrievannieuwkerk.nl\/wp-content\/uploads\/2023\/08\/hendrik-will-AP-29z0BTmA-unsplash-768x512.jpg 768w, https:\/\/corrievannieuwkerk.nl\/wp-content\/uploads\/2023\/08\/hendrik-will-AP-29z0BTmA-unsplash-1536x1024.jpg 1536w, https:\/\/corrievannieuwkerk.nl\/wp-content\/uploads\/2023\/08\/hendrik-will-AP-29z0BTmA-unsplash-2048x1365.jpg 2048w\" sizes=\"auto, (max-width: 2560px) 100vw, 2560px\" \/><span aria-hidden=\"true\" class=\"wp-block-cover__background has-background-dim-10 has-background-dim\"><\/span><div class=\"wp-block-cover__inner-container is-layout-flow wp-block-cover-is-layout-flow\">\n<div class=\"wp-block-columns is-layout-flex wp-container-core-columns-is-layout-28f84493 wp-block-columns-is-layout-flex\">\n<div class=\"wp-block-column is-layout-flow wp-block-column-is-layout-flow\">\n<p class=\"has-text-align-center has-ast-global-color-5-color has-text-color has-background has-link-color wp-elements-bc0b714991464300361b89081592dce4\" style=\"background:linear-gradient(135deg,rgb(252,185,0) 0%,rgba(90,166,75,0.49) 0%,rgb(90,166,74) 79%);margin-top:0;margin-right:var(--wp--preset--spacing--70);margin-bottom:0;margin-left:var(--wp--preset--spacing--70);font-size:16px\">AANMELDEN VOOR DE VOORSTELLING &#8216;PLAKBAND &amp; POLAROID&#8217; <br>op 28 juni in de Agnietenkapel in Gouda? <br>Mail naar &#x69;n&#x66;o&#x40;&#99;&#x6f;&#114;r&#x69;e&#x76;&#97;&#x6e;&#110;&#x69;&#101;u&#x77;k&#x65;&#114;&#x6b;&#46;&#x6e;&#x6c; <br>Meer weten? <a href=\"https:\/\/corrievannieuwkerk.nl\/?page_id=1581\" data-type=\"page\" data-id=\"1581\">Klik hier<\/a><\/p>\n<\/div>\n<\/div>\n<\/div><\/div>\n<\/div>\n<\/div>\n\n\n\n<div style=\"height:25px\" aria-hidden=\"true\" class=\"wp-block-spacer\"><\/div>\n\n\n\n<div class=\"wp-block-columns is-layout-flex wp-container-core-columns-is-layout-28f84493 wp-block-columns-is-layout-flex\">\n<div class=\"wp-block-column is-layout-flow wp-block-column-is-layout-flow\">\n<h3 class=\"wp-block-heading has-text-align-center has-ast-global-color-8-color has-text-color\">Trainen in de zorg<\/h3>\n<\/div>\n\n\n\n<div class=\"wp-block-column is-layout-flow wp-block-column-is-layout-flow\">\n<h3 class=\"wp-block-heading has-text-align-center has-ast-global-color-8-color has-text-color\">(Team)coaching<\/h3>\n<\/div>\n\n\n\n<div class=\"wp-block-column is-layout-flow wp-block-column-is-layout-flow\">\n<h3 class=\"wp-block-heading has-text-align-center has-ast-global-color-8-color has-text-color\">Rouw en Verlies<\/h3>\n<\/div>\n<\/div>\n\n\n\n<div style=\"height:24px\" aria-hidden=\"true\" class=\"wp-block-spacer\"><\/div>\n\n\n\n<figure class=\"wp-block-gallery has-nested-images columns-default is-cropped wp-block-gallery-1 is-layout-flex wp-block-gallery-is-layout-flex\">\n<figure class=\"wp-block-image size-large\"><img loading=\"lazy\" decoding=\"async\" width=\"1024\" height=\"683\" data-id=\"1544\" src=\"https:\/\/corrievannieuwkerk.nl\/wp-content\/uploads\/2025\/11\/Handen-leeg-klein-1024x683.jpg\" alt=\"\" class=\"wp-image-1544\"\/><\/figure>\n\n\n\n<figure class=\"wp-block-image size-large\"><a href=\"https:\/\/corrievannieuwkerk.nl\/?page_id=228\"><img decoding=\"async\" data-id=\"594\" src=\"https:\/\/corrievannieuwkerk.nl\/wp-content\/uploads\/2023\/07\/karen-maes-310484-unsplash-kopie-1024x768.jpg\" alt=\"\" class=\"wp-image-594\"\/><\/a><\/figure>\n\n\n\n<figure class=\"wp-block-image size-large\"><img loading=\"lazy\" decoding=\"async\" width=\"1024\" height=\"683\" data-id=\"697\" src=\"https:\/\/corrievannieuwkerk.nl\/wp-content\/uploads\/2023\/07\/pierre-alain-picard-ET6fcTM9_ug-unsplash-1024x683.jpg\" alt=\"\" class=\"wp-image-697\"\/><\/figure>\n<\/figure>\n\n\n\n<div style=\"height:13px\" aria-hidden=\"true\" class=\"wp-block-spacer\"><\/div>\n\n\n\n<div class=\"wp-block-columns is-layout-flex wp-container-core-columns-is-layout-28f84493 wp-block-columns-is-layout-flex\">\n<div class=\"wp-block-column is-vertically-aligned-top is-layout-flow wp-block-column-is-layout-flow\">\n<div class=\"wp-block-group is-vertical is-layout-flex wp-container-core-group-is-layout-fe9cc265 wp-block-group-is-layout-flex\">\n<div class=\"inherit-container-width wp-block-group is-layout-constrained wp-block-group-is-layout-constrained\">\n<div class=\"inherit-container-width wp-block-group is-layout-constrained wp-block-group-is-layout-constrained\">\n<div class=\"inherit-container-width wp-block-group is-layout-constrained wp-block-group-is-layout-constrained\">\n<div class=\"inherit-container-width wp-block-group is-layout-constrained wp-block-group-is-layout-constrained\">\n<p class=\"has-text-align-center has-ast-global-color-5-background-color has-background\" style=\"margin-top:var(--wp--preset--spacing--30);margin-bottom:var(--wp--preset--spacing--30);font-size:15px\">Ik help professionals in zorg en welzijn betere gesprekken te voeren met cli\u00ebnten, familie en mantelzorgers.<br>In verbinding het gesprek aangaan.<br>Ik deel mijn rugzak vol kennis over communicatie, samenwerken en leiderschap.<a href=\"https:\/\/corrievannieuwkerk.nl\/?page_id=194\" data-type=\"page\" data-id=\"194\"> <\/a><br><br>En mijn drieluik over dementie: over wat dementie is, over signaalgedrag, over samenwerken met mantelzorg en handvatten bij rouw en verlies.<br><br><a href=\"https:\/\/corrievannieuwkerk.nl\/?page_id=194\" data-type=\"page\" data-id=\"194\"><strong>MEER LEZEN<\/strong><\/a><\/p>\n\n\n\n<div style=\"height:25px\" aria-hidden=\"true\" class=\"wp-block-spacer\"><\/div>\n<\/div>\n<\/div>\n<\/div>\n<\/div>\n<\/div>\n<\/div>\n\n\n\n<div class=\"wp-block-column is-vertically-aligned-top is-layout-flow wp-block-column-is-layout-flow\">\n<div class=\"inherit-container-width wp-block-group is-layout-constrained wp-block-group-is-layout-constrained\">\n<p class=\"has-text-align-center has-ast-global-color-5-background-color has-background\" style=\"margin-top:var(--wp--preset--spacing--30);margin-bottom:var(--wp--preset--spacing--30);padding-top:var(--wp--preset--spacing--50);padding-bottom:var(--wp--preset--spacing--50);font-size:15px\">&#8220;Als je het niet tegen mij kunt zeggen, zeg het dan ook niet tegen een ander&#8221;. <br>Werken in teams gaat over vertrouwen, respect, over conflicten durven aangaan.<br><br>In 1-op-1 coaching gaat het over werk of priv\u00e9. Maar ook hoe priv\u00e9 situaties kunnen doorspelen in je werk. En hoe je werk meeneemt naar priv\u00e9.<br><br><br><br><br><br><a href=\"https:\/\/corrievannieuwkerk.nl\/?page_id=228\" data-type=\"page\" data-id=\"228\"><strong>MEER LEZEN<\/strong><\/a><\/p>\n<\/div>\n<\/div>\n\n\n\n<div class=\"wp-block-column is-vertically-aligned-top is-layout-flow wp-block-column-is-layout-flow\">\n<div class=\"inherit-container-width wp-block-group is-layout-constrained wp-block-group-is-layout-constrained\">\n<div class=\"inherit-container-width wp-block-group is-layout-constrained wp-block-group-is-layout-constrained\">\n<p class=\"has-text-align-center has-ast-global-color-5-background-color has-background\" style=\"margin-top:var(--wp--preset--spacing--30);margin-bottom:var(--wp--preset--spacing--30);font-size:15px\">Je hebt te maken met rouw en verlies en je weet soms niet meer hoe het nu verder moet. Je herkent je ook niet altijd in de verhalen van anderen.<br><br>Het verlies kan gaan over de dood van iemand die nabij was, verlies na een echtscheiding, verlies van een baan. Maar ook \u2018levend\u2019 verlies bij ziekte of bij een partner of ouder met dementie.<br><br><br><br><br><strong><a href=\"https:\/\/corrievannieuwkerk.nl\/?page_id=206\" data-type=\"page\" data-id=\"206\">MEER LEZEN<\/a><\/strong><\/p>\n<\/div>\n<\/div>\n<\/div>\n<\/div>\n\n\n\n<p><\/p>\n","protected":false},"excerpt":{"rendered":"<p>Trainen in de zorg (Team)coaching Rouw en Verlies Ik help professionals in zorg en welzijn betere gesprekken te voeren met cli\u00ebnten, familie en mantelzorgers.In verbinding het gesprek aangaan.Ik deel mijn rugzak vol kennis over communicatie, samenwerken en leiderschap. En mijn drieluik over dementie: over wat dementie is, over signaalgedrag, over samenwerken met mantelzorg en handvatten [&hellip;]<\/p>\n","protected":false},"author":1,"featured_media":0,"parent":0,"menu_order":0,"comment_status":"closed","ping_status":"closed","template":"","meta":{"site-sidebar-layout":"default","site-content-layout":"default","ast-site-content-layout":"default","site-content-style":"default","site-sidebar-style":"default","ast-global-header-display":"","ast-banner-title-visibility":"","ast-main-header-display":"","ast-hfb-above-header-display":"","ast-hfb-below-header-display":"","ast-hfb-mobile-header-display":"","site-post-title":"disabled","ast-breadcrumbs-content":"","ast-featured-img":"","footer-sml-layout":"","ast-disable-related-posts":"","theme-transparent-header-meta":"default","adv-header-id-meta":"","stick-header-meta":"","header-above-stick-meta":"","header-main-stick-meta":"","header-below-stick-meta":"","astra-migrate-meta-layouts":"set","ast-page-background-enabled":"default","ast-page-background-meta":{"desktop":{"background-color":"","background-image":"","background-repeat":"repeat","background-position":"center center","background-size":"auto","background-attachment":"scroll","background-type":"","background-media":"","overlay-type":"","overlay-color":"","overlay-opacity":"","overlay-gradient":""},"tablet":{"background-color":"","background-image":"","background-repeat":"repeat","background-position":"center center","background-size":"auto","background-attachment":"scroll","background-type":"","background-media":"","overlay-type":"","overlay-color":"","overlay-opacity":"","overlay-gradient":""},"mobile":{"background-color":"","background-image":"","background-repeat":"repeat","background-position":"center center","background-size":"auto","background-attachment":"scroll","background-type":"","background-media":"","overlay-type":"","overlay-color":"","overlay-opacity":"","overlay-gradient":""}},"ast-content-background-meta":{"desktop":{"background-color":"var(--ast-global-color-5)","background-image":"","background-repeat":"repeat","background-position":"center center","background-size":"auto","background-attachment":"scroll","background-type":"","background-media":"","overlay-type":"","overlay-color":"","overlay-opacity":"","overlay-gradient":""},"tablet":{"background-color":"var(--ast-global-color-5)","background-image":"","background-repeat":"repeat","background-position":"center center","background-size":"auto","background-attachment":"scroll","background-type":"","background-media":"","overlay-type":"","overlay-color":"","overlay-opacity":"","overlay-gradient":""},"mobile":{"background-color":"var(--ast-global-color-5)","background-image":"","background-repeat":"repeat","background-position":"center center","background-size":"auto","background-attachment":"scroll","background-type":"","background-media":"","overlay-type":"","overlay-color":"","overlay-opacity":"","overlay-gradient":""}},"footnotes":""},"class_list":["post-108","page","type-page","status-publish","hentry"],"_links":{"self":[{"href":"https:\/\/corrievannieuwkerk.nl\/index.php?rest_route=\/wp\/v2\/pages\/108","targetHints":{"allow":["GET"]}}],"collection":[{"href":"https:\/\/corrievannieuwkerk.nl\/index.php?rest_route=\/wp\/v2\/pages"}],"about":[{"href":"https:\/\/corrievannieuwkerk.nl\/index.php?rest_route=\/wp\/v2\/types\/page"}],"author":[{"embeddable":true,"href":"https:\/\/corrievannieuwkerk.nl\/index.php?rest_route=\/wp\/v2\/users\/1"}],"replies":[{"embeddable":true,"href":"https:\/\/corrievannieuwkerk.nl\/index.php?rest_route=%2Fwp%2Fv2%2Fcomments&post=108"}],"version-history":[{"count":175,"href":"https:\/\/corrievannieuwkerk.nl\/index.php?rest_route=\/wp\/v2\/pages\/108\/revisions"}],"predecessor-version":[{"id":1592,"href":"https:\/\/corrievannieuwkerk.nl\/index.php?rest_route=\/wp\/v2\/pages\/108\/revisions\/1592"}],"wp:attachment":[{"href":"https:\/\/corrievannieuwkerk.nl\/index.php?rest_route=%2Fwp%2Fv2%2Fmedia&parent=108"}],"curies":[{"name":"wp","href":"https:\/\/api.w.org\/{rel}","templated":true}]}}